{"id":808,"date":"2025-07-21T10:34:44","date_gmt":"2025-07-21T10:34:44","guid":{"rendered":"https:\/\/lucidmindhypnotherapy.com\/?page_id=808"},"modified":"2026-04-29T20:30:13","modified_gmt":"2026-04-29T19:30:13","slug":"terms-conditions","status":"publish","type":"page","link":"https:\/\/lucidmindhypnotherapy.com\/it\/terms-conditions\/","title":{"rendered":"Termini e condizioni"},"content":{"rendered":"<h3 class=\"wp-block-heading\"><strong>Lucid Mind Hypnotherapy<\/strong> - Termini e condizioni<br>In vigore dal: 21.07.2025<\/h3>\n\n\n\n<figure class=\"wp-block-image size-large\"><img fetchpriority=\"high\" decoding=\"async\" width=\"1024\" height=\"683\" src=\"https:\/\/lucidmindhypnotherapy.com\/wp-content\/uploads\/2026\/02\/markus-winkler-uY6W_4UiB7E-unsplash-1024x683.jpg\" alt=\"Terms &amp; conditions\" class=\"wp-image-2444\" srcset=\"https:\/\/lucidmindhypnotherapy.com\/wp-content\/uploads\/2026\/02\/markus-winkler-uY6W_4UiB7E-unsplash-1024x683.jpg 1024w, https:\/\/lucidmindhypnotherapy.com\/wp-content\/uploads\/2026\/02\/markus-winkler-uY6W_4UiB7E-unsplash-600x400.jpg 600w, https:\/\/lucidmindhypnotherapy.com\/wp-content\/uploads\/2026\/02\/markus-winkler-uY6W_4UiB7E-unsplash-300x200.jpg 300w, https:\/\/lucidmindhypnotherapy.com\/wp-content\/uploads\/2026\/02\/markus-winkler-uY6W_4UiB7E-unsplash-768x512.jpg 768w, https:\/\/lucidmindhypnotherapy.com\/wp-content\/uploads\/2026\/02\/markus-winkler-uY6W_4UiB7E-unsplash-1536x1024.jpg 1536w, https:\/\/lucidmindhypnotherapy.com\/wp-content\/uploads\/2026\/02\/markus-winkler-uY6W_4UiB7E-unsplash-2048x1366.jpg 2048w, https:\/\/lucidmindhypnotherapy.com\/wp-content\/uploads\/2026\/02\/markus-winkler-uY6W_4UiB7E-unsplash-18x12.jpg 18w, https:\/\/lucidmindhypnotherapy.com\/wp-content\/uploads\/2026\/02\/markus-winkler-uY6W_4UiB7E-unsplash-800x534.jpg 800w\" sizes=\"(max-width: 1024px) 100vw, 1024px\" \/><\/figure>\n\n\n\n<p>Si prega di leggere attentamente i presenti Termini e condizioni prima di prenotare una sessione. Accedendo a questo sito web, prenotando un servizio o entrando in comunicazione con noi, accettate di essere vincolati dai seguenti termini.<\/p>\n\n\n\n<p>L'accordo \u00e8 stipulato tra me, Giorgia Bettili, Ipnoterapeuta Clinica, proprietaria di questo sito, e voi, l'individuo che accetta questi termini e condizioni e utilizza i servizi forniti.<\/p>\n\n\n\n<p><strong>1. Servizi forniti<\/strong><\/p>\n\n\n\n<p>Lucid Mind Hypnotherapy offre servizi di ipnoterapia online e di lavoro sui sogni, tra cui, ma non solo, sessioni di ipnoterapia, guida ai sogni lucidi, interpretazione dei sogni e risorse associate, forniti tramite videoconferenza (Google Meet o Zoom) o altre piattaforme sicure. Questo pu\u00f2 anche includere eventi, workshop o sessioni di gruppo, ove indicato. Sono inclusi anche eventi, workshop e corsi di gruppo di persona o online, ove esplicitamente indicato.<\/p>\n\n\n\n<p><strong>2. Prenotazioni e pagamenti<\/strong><\/p>\n\n\n\n<ul class=\"wp-block-list\">\n<li>Tutte le sessioni devono essere prenotate in anticipo attraverso il nostro sistema di prenotazione online (integrato con Google Calendar).<\/li>\n\n\n\n<li>Il pagamento \u00e8 richiesto per intero al momento della prenotazione tramite il nostro provider di pagamento sicuro, Stripe.<\/li>\n\n\n\n<li>La conferma della prenotazione verr\u00e0 inviata via e-mail. Se non la ricevete, controllate la cartella spam.<\/li>\n<\/ul>\n\n\n\n<p><br>Potete controllare tutte le mie tariffe sul mio sito <a href=\"https:\/\/lucidmindhypnotherapy.com\/it\/online-hypnotherapy-session-fees\/\" data-type=\"page\" data-id=\"538\">Pagina delle tasse<\/a>. Ho il diritto di modificare le tariffe delle sessioni in qualsiasi momento. Sarete informati via e-mail di tali modifiche con un preavviso di almeno 48 ore prima di qualsiasi sessione o evento prenotato.<\/p>\n\n\n\n<p><strong>3. Cancellazioni e rimborsi<\/strong><\/p>\n\n\n\n<p>Per le sessioni 1 a 1, online o di persona, la politica di cancellazione e rimborso \u00e8 la seguente:<\/p>\n\n\n\n<ul class=\"wp-block-list\">\n<li>Le cancellazioni effettuate pi\u00f9 di 48 ore prima della sessione riceveranno un rimborso completo.<\/li>\n\n\n\n<li>Le cancellazioni effettuate tra le 24 e le 48 ore prima della sessione comportano una tassa di cancellazione pari a 50%.<\/li>\n\n\n\n<li>Le cancellazioni effettuate meno di 24 ore prima della sessione non sono rimborsabili.<\/li>\n\n\n\n<li>Le presenti condizioni fanno parte del vostro accordo al momento della prenotazione.<\/li>\n<\/ul>\n\n\n\n<p><br>Se devo cancellare l'appuntamento, vi rimborser\u00f2 per intero o vi dar\u00f2 la possibilit\u00e0 di riprogrammare l'appuntamento in un altro momento.<\/p>\n\n\n\n<p>La seguente politica di cancellazione si applica solo a eventi, workshop di gruppo e corsi, sia di persona che online. La politica di cancellazione per le sessioni 1 a 1 rimane valida e invariata.<\/p>\n\n\n\n<ul class=\"wp-block-list\">\n<li>7+ giorni prima dell'evento: Possibilit\u00e0 di rimborso completo<\/li>\n\n\n\n<li>Meno di 7 giorni prima dell'evento: Nessun rimborso.<br>Se voi o io siamo in grado di trasferire il vostro posto a qualcun altro, potreste ricevere un rimborso completo o un credito per un evento futuro (soggetto a disponibilit\u00e0).<\/li>\n\n\n\n<li>Mancata presentazione: Nessun rimborso o credito disponibile<\/li>\n<\/ul>\n\n\n\n<p>Questa politica mi garantisce di poter offrire il vostro posto ad altri in lista d'attesa e di coprire i costi della sede e della piattaforma online per cui mi sono impegnato. Grazie per la comprensione.<br><br><\/p>\n\n\n\n<p><strong>4. Riprogrammazione<\/strong><\/p>\n\n\n\n<p>I clienti possono chiedere di riprogrammare una sessione con un preavviso di almeno 48 ore. La riprogrammazione con meno di 48 ore di preavviso \u00e8 a nostra discrezione e pu\u00f2 essere trattata come una cancellazione.<\/p>\n\n\n\n<p><strong>5. La riservatezza<\/strong><\/p>\n\n\n\n<p>Tutte le informazioni sui clienti sono trattate con la massima riservatezza e in linea con le norme GDPR. I registri sono conservati in modo sicuro e utilizzati solo ai fini dell'erogazione della terapia.<\/p>\n\n\n\n<p><strong>6. Uso della tecnologia<\/strong><\/p>\n\n\n\n<p>Le sessioni sono condotte online tramite piattaforme sicure come <a href=\"https:\/\/meet.google.com\/landing\" target=\"_blank\" rel=\"noopener\">Incontro con Google<\/a>. \u00c8 vostra responsabilit\u00e0 garantire una connessione Internet stabile e un ambiente tranquillo e riservato per la sessione.<\/p>\n\n\n\n<p><strong>7. Comunicazione e marketing via e-mail<\/strong><\/p>\n\n\n\n<p>Iscrivendosi alla nostra newsletter (tramite Mailer Lite), si accetta di ricevere occasionalmente e-mail con notizie, aggiornamenti e risorse. \u00c8 possibile annullare l'iscrizione in qualsiasi momento utilizzando il link fornito in ogni e-mail.<\/p>\n\n\n\n<p><strong>8. Esonero di responsabilit\u00e0 per i risultati<\/strong><\/p>\n\n\n\n<p>L'ipnoterapia e il lavoro sui sogni sono processi collaborativi. Sebbene molti clienti traggano beneficio da questi servizi, i risultati non possono essere garantiti. L'impegno e la partecipazione giocano un ruolo fondamentale nei risultati.<\/p>\n\n\n\n<p><strong>9. Contenuto del sito web<\/strong><\/p>\n\n\n\n<p>Tutti i contenuti di questo sito web sono di propriet\u00e0 di Lucid Mind Hypnotherapy e sono protetti da copyright. \u00c8 vietata la riproduzione o la distribuzione senza autorizzazione scritta.<\/p>\n\n\n\n<p><strong>10. Modifiche ai presenti Termini<\/strong><\/p>\n\n\n\n<p>Lucid Mind Hypnotherapy si riserva il diritto di aggiornare questi Termini e Condizioni in qualsiasi momento. Le modifiche saranno pubblicate su questa pagina e l'uso continuato dei servizi indica l'accettazione dei termini aggiornati.<\/p>\n\n\n\n<p><strong>11. Registrazione<\/strong><br><br>Prima della seduta, vi sar\u00e0 richiesto di compilare un modulo con informazioni personali.<br>Insieme ai presenti Termini e Condizioni, si prega di leggere il mio <a href=\"https:\/\/lucidmindhypnotherapy.com\/it\/privacy-policy\/\" data-type=\"page\" data-id=\"3\">Informativa sulla privacy <\/a>per maggiori informazioni su come utilizzo i dati personali in conformit\u00e0 alle politiche del GRDP.<\/p>\n\n\n\n<p><strong>Contatti<\/strong><\/p>\n\n\n\n<p>In caso di domande relative ai presenti Termini e condizioni, si prega di contattare:<br>Giorgia Bettili su lucidmindhypnotherapy@gmail.com<br>www.lucidmindhypnotherapy.com<\/p>\n\n\n\n<p><\/p>","protected":false},"excerpt":{"rendered":"<p>Lucid Mind Hypnotherapy &#8211; Terms &amp; ConditionsEffective from: 21.07.2025 Please read these Terms &amp; Conditions carefully before booking a session. By accessing this website, booking a service, or engaging in communication with us, you agree to be bound by the following terms. The agreement is stipulated between me, Giorgia Bettili, Clinical Hypnotherapist, owner of this [&hellip;]<\/p>\n","protected":false},"author":1,"featured_media":0,"parent":0,"menu_order":0,"comment_status":"closed","ping_status":"closed","template":"","meta":{"footnotes":""},"class_list":["post-808","page","type-page","status-publish","hentry"],"_links":{"self":[{"href":"https:\/\/lucidmindhypnotherapy.com\/it\/wp-json\/wp\/v2\/pages\/808","targetHints":{"allow":["GET"]}}],"collection":[{"href":"https:\/\/lucidmindhypnotherapy.com\/it\/wp-json\/wp\/v2\/pages"}],"about":[{"href":"https:\/\/lucidmindhypnotherapy.com\/it\/wp-json\/wp\/v2\/types\/page"}],"author":[{"embeddable":true,"href":"https:\/\/lucidmindhypnotherapy.com\/it\/wp-json\/wp\/v2\/users\/1"}],"replies":[{"embeddable":true,"href":"https:\/\/lucidmindhypnotherapy.com\/it\/wp-json\/wp\/v2\/comments?post=808"}],"version-history":[{"count":8,"href":"https:\/\/lucidmindhypnotherapy.com\/it\/wp-json\/wp\/v2\/pages\/808\/revisions"}],"predecessor-version":[{"id":3566,"href":"https:\/\/lucidmindhypnotherapy.com\/it\/wp-json\/wp\/v2\/pages\/808\/revisions\/3566"}],"wp:attachment":[{"href":"https:\/\/lucidmindhypnotherapy.com\/it\/wp-json\/wp\/v2\/media?parent=808"}],"curies":[{"name":"wp","href":"https:\/\/api.w.org\/{rel}","templated":true}]}}