{"id":3,"date":"2025-07-16T08:26:00","date_gmt":"2025-07-16T08:26:00","guid":{"rendered":"https:\/\/lucidmindhypnotherapy.com\/?page_id=3"},"modified":"2026-04-29T20:11:26","modified_gmt":"2026-04-29T19:11:26","slug":"privacy-policy","status":"publish","type":"page","link":"https:\/\/lucidmindhypnotherapy.com\/it\/privacy-policy\/","title":{"rendered":"Informativa sulla privacy"},"content":{"rendered":"<div data-elementor-type=\"wp-page\" data-elementor-id=\"3\" class=\"elementor elementor-3\" data-elementor-post-type=\"page\">\n\t\t\t\t<div class=\"elementor-element elementor-element-00a2feb e-flex e-con-boxed e-con e-parent\" data-id=\"00a2feb\" data-element_type=\"container\" data-e-type=\"container\">\n\t\t\t\t\t<div class=\"e-con-inner\">\n\t\t\t\t<div class=\"elementor-element elementor-element-4853a45 elementor-widget elementor-widget-spacer\" data-id=\"4853a45\" data-element_type=\"widget\" data-e-type=\"widget\" data-widget_type=\"spacer.default\">\n\t\t\t\t\t\t\t<div class=\"elementor-spacer\">\n\t\t\t<div class=\"elementor-spacer-inner\"><\/div>\n\t\t<\/div>\n\t\t\t\t\t\t<\/div>\n\t\t\t\t<div class=\"elementor-element elementor-element-c5082c4 elementor-widget elementor-widget-heading\" data-id=\"c5082c4\" data-element_type=\"widget\" data-e-type=\"widget\" data-widget_type=\"heading.default\">\n\t\t\t\t\t<h3 class=\"elementor-heading-title elementor-size-default\">Ipnoterapia della mente lucida - Informativa sulla privacy<\/h3>\t\t\t\t<\/div>\n\t\t\t\t\t<\/div>\n\t\t\t\t<\/div>\n\t\t<div class=\"elementor-element elementor-element-020a0a6 e-flex e-con-boxed e-con e-parent\" data-id=\"020a0a6\" data-element_type=\"container\" data-e-type=\"container\">\n\t\t\t\t\t<div class=\"e-con-inner\">\n\t\t\t\t<div class=\"elementor-element elementor-element-9ded1f8 elementor-widget elementor-widget-spacer\" data-id=\"9ded1f8\" data-element_type=\"widget\" data-e-type=\"widget\" data-widget_type=\"spacer.default\">\n\t\t\t\t\t\t\t<div class=\"elementor-spacer\">\n\t\t\t<div class=\"elementor-spacer-inner\"><\/div>\n\t\t<\/div>\n\t\t\t\t\t\t<\/div>\n\t\t\t\t\t<\/div>\n\t\t\t\t<\/div>\n\t\t<div class=\"elementor-element elementor-element-65242e60 e-flex e-con-boxed e-con e-parent\" data-id=\"65242e60\" data-element_type=\"container\" data-e-type=\"container\">\n\t\t\t\t\t<div class=\"e-con-inner\">\n\t\t\t\t<div class=\"elementor-element elementor-element-54306a84 elementor-widget elementor-widget-text-editor\" data-id=\"54306a84\" data-element_type=\"widget\" data-e-type=\"widget\" data-widget_type=\"text-editor.default\">\n\t\t\t\t\t\t\t\t\t\n<p>Data di entrata in vigore: 21.07.2025<br \/>Ultimo aggiornamento: 21.07.2025<\/p>\n\n<p>La presente Informativa sulla privacy spiega come vengono raccolti, utilizzati, conservati e protetti i vostri dati personali quando utilizzate i servizi forniti da Lucid Mind Hypnotherapy. Attraverso questa informativa sulla privacy potrete apprendere come ci impegniamo a proteggere la vostra privacy in conformit\u00e0 con il Regolamento Generale sulla Protezione dei Dati del Regno Unito (UK GDPR) e con il GDPR dell'Unione Europea.<\/p>\n\n<p>1. Titolare del trattamento dei dati<\/p>\n\n<p>Il responsabile del trattamento dei dati personali \u00e8:<\/p>\n\n<p>Giorgia Bettili @Ipnoterapia della mente lucida<br \/>Sito web: <a href=\"https:\/\/lucidmindhypnotherapy.com\/it\/\">www.lucidmindhypnotherapy.com<\/a><br \/>Email: lucidmindhypnotherapy@gmail.com<br \/>Numero di telefono: +44 7721809622<\/p>\n\n<p>2. Quali dati personali raccogliamo<\/p>\n\n<p>Possiamo raccogliere e conservare le seguenti categorie di dati:<\/p>\n\n<ul class=\"wp-block-list\">\n<li>Dati di identificazione personale: nome e cognome, data di nascita, indirizzo, numero di telefono, e-mail, occupazione, stato civile.<br \/>I dati di servizio possono essere trattati per fornire i nostri servizi e comunicare con voi. La base giuridica di questo trattamento \u00e8 la corretta gestione dei nostri servizi.<\/li>\n\n<li>Anamnesi medica e salute mentale rilevante per l'ipnoterapia<\/li>\n\n<li>Informazioni sui contatti di emergenza e su terzi<\/li>\n\n<li>Appunti di sessione, corrispondenza e documentazione generale<\/li>\n\n<li>Dettagli di pagamento, dati delle transazioni e cronologia delle prenotazioni<\/li>\n\n<li>Registrazioni audio<\/li>\n\n<li>Registrazioni video di riunioni e sessioni<\/li>\n\n<li>Informazioni di accesso al conto<\/li>\n\n<li>Dati di utilizzo<br \/>I dati di utilizzo possono includere l'indirizzo IP, la posizione geografica, il tipo e la versione del browser, il sistema operativo, la fonte di riferimento, la durata della visita, le visualizzazioni della pagina e i percorsi di navigazione del sito web, nonch\u00e9 informazioni sulla tempistica, la frequenza e il modello di utilizzo del servizio. Questi dati vengono raccolti attraverso il nostro sistema di monitoraggio analitico.<br \/><br \/><\/li>\n<\/ul>\n\n<p>Raccogliamo o utilizziamo le seguenti informazioni personali per la gestione dei conti dei clienti:<\/p>\n\n<ul class=\"wp-block-list\">\n<li>Nomi e dati di contatto, indirizzi<\/li>\n\n<li>Storia dell'acquisto o dell'assistenza<\/li>\n\n<li>Informazioni sull'account, compresi i dati di registrazione<\/li>\n\n<li>Informazioni utilizzate per scopi di sicurezza<\/li>\n\n<li>Preferenze di marketing<\/li>\n<\/ul>\n\n<p>Raccogliamo o utilizziamo i seguenti dati personali per l'aggiornamento delle informazioni o per scopi di marketing:<\/p>\n\n<ul class=\"wp-block-list\">\n<li>Nomi e dati di contatto, indirizzi<\/li>\n\n<li>Informazioni sul profilo<\/li>\n\n<li>Cronologia degli acquisti o del conto<\/li>\n\n<li>Dati di utilizzo<br \/><br \/><\/li>\n<\/ul>\n\n<p>Raccogliamo o utilizziamo le seguenti informazioni personali per scopi di ricerca o di archiviazione e per la gestione di domande, reclami o richieste di risarcimento:<\/p>\n\n<ul class=\"wp-block-list\">\n<li>Nomi e dati di contatto, indirizzi e dati di localizzazione<\/li>\n\n<li>Storia degli acquisti e dei conti dei clienti, informazioni sulle transazioni finanziarie<\/li>\n\n<li>Anamnesi medica rilevante per l'ipnoterapia<\/li>\n\n<li>Note di sessione per i casi di studio<\/li>\n\n<li>Registrazioni audio, video e chiamate<\/li>\n\n<li>Corrispondenza<\/li>\n<\/ul>\n\n<p><br \/>Raccogliamo o utilizziamo le seguenti informazioni personali per ottemperare ai requisiti di legge:<\/p>\n\n<ul class=\"wp-block-list\">\n<li>Nome, informazioni di contatto, informazioni sul conto del cliente, qualsiasi altra informazione personale necessaria per adempiere agli obblighi di legge.<\/li>\n\n<li>Informazioni sulla salute e sulla sicurezza<\/li>\n\n<li>Informazioni sulla tutela<\/li>\n<\/ul>\n\n<p>\u00a0<\/p>\n<p>Vi preghiamo di non fornirci i dati personali di altre persone, a meno che non vi chiediamo di farlo.<br \/><br \/>La presente informativa sulla privacy precisa inoltre che gli articoli di questo sito possono includere contenuti incorporati (ad esempio, video, immagini, articoli, ecc.). I contenuti incorporati provenienti da altri siti web si comportano esattamente come se il visitatore avesse visitato l'altro sito web.<br \/>Questi siti web possono raccogliere dati sull'utente, utilizzare cookie, incorporare un ulteriore tracciamento di terze parti e monitorare l'interazione dell'utente con il contenuto incorporato, compreso il tracciamento dell'interazione dell'utente con il contenuto incorporato se dispone di un account e ha effettuato l'accesso al sito web in questione.<\/p>\n\n<p>3. Perch\u00e9 raccogliamo i vostri dati<\/p>\n\n<p>Raccogliamo questi dati per:<\/p>\n\n<ul class=\"wp-block-list\">\n<li>Fornire servizi professionali di ipnoterapia<\/li>\n\n<li>Contattarvi per appuntamenti o servizi<\/li>\n\n<li>Conservare i registri appropriati per scopi legali e assicurativi<\/li>\n\n<li>Rispettare gli obblighi di legge<\/li>\n\n<li>Migliorare i nostri servizi<br \/><br \/><\/li>\n<\/ul>\n\n<p>4. Base legale per il trattamento<\/p>\n\n<p>Trattiamo i vostri dati in base alle seguenti basi giuridiche:<\/p>\n\n<ul class=\"wp-block-list\">\n<li>Consenso: quando avete dato il vostro chiaro consenso<br \/>abbiamo l'autorizzazione dell'utente dopo avergli fornito tutte le informazioni del caso. Possono essere applicati tutti i diritti di protezione dei dati, ad eccezione del diritto di opposizione. Per essere chiari, avete il diritto di ritirare il vostro consenso in qualsiasi momento.<\/li>\n\n<li>Contratto - per fornire il servizio da voi richiesto<br \/>dobbiamo raccogliere o utilizzare le informazioni per poter stipulare o eseguire un contratto con voi. Possono essere applicati tutti i diritti di protezione dei dati, ad eccezione del diritto di opposizione.<\/li>\n\n<li>Obblighi legali - per ottemperare a leggi o regolamenti assicurativi<br \/>dobbiamo raccogliere o utilizzare le vostre informazioni per rispettare la legge. Possono essere applicati tutti i diritti di protezione dei dati, ad eccezione del diritto alla cancellazione, del diritto di opposizione e del diritto alla portabilit\u00e0 dei dati.<\/li>\n\n<li>Interessi legittimi: gestire efficacemente la nostra attivit\u00e0 e le relazioni con i clienti.<br \/><br \/><\/li>\n<\/ul>\n\n<p>5. Conservazione dei dati<\/p>\n\n<p>I dati dei clienti saranno conservati per un minimo di dieci anni dalla data dell'ultima sessione o, nel caso dei bambini, per sette anni dal compimento del 18\u00b0 anno di et\u00e0. Dopo questo periodo, i dati saranno cancellati o distrutti in modo sicuro.<br \/><br \/><\/p>\n\n<p>6. Condivisione delle informazioni<\/p>\n\n<p>Le informazioni dell'utente vengono mantenute riservate e non saranno condivise con terze parti, a meno che:<\/p>\n\n<ul class=\"wp-block-list\">\n<li>Il cliente fornisce un esplicito consenso scritto<\/li>\n\n<li>Esiste un obbligo legale o un problema di salvaguardia<\/li>\n\n<li>Richiesto da un ordine del tribunale o dalle forze dell'ordine<\/li>\n\n<li>Necessari per l'assicurazione o la supervisione professionale (se possibile anonimizzati)<\/li>\n<\/ul>\n\n<p><br \/>Le transazioni finanziarie relative al nostro sito web e ai nostri servizi sono gestite dal nostro fornitore di servizi di pagamento, Stripe. Condivideremo i dati delle transazioni con i nostri fornitori di servizi di pagamento solo nella misura in cui ci\u00f2 sia necessario ai fini dell'elaborazione dei vostri pagamenti, del rimborso di tali pagamenti e della gestione di reclami e domande relative a tali pagamenti e rimborsi. \u00c8 possibile trovare informazioni sulla politica e sulle pratiche dei fornitori di servizi di pagamento all'indirizzo <a href=\"https:\/\/stripe.com\/gb\/privacy\" target=\"_blank\" rel=\"noreferrer noopener\">https:\/\/stripe.com\/gb\/privacy<\/a>.<\/p>\n\n<p>\u00a0<\/p>\n\n<p>7. Trasferimenti internazionali dei vostri dati personali<\/p>\n\n<p>Le strutture di hosting del nostro sito web sono situate negli Stati Uniti. I trasferimenti verso questo paese saranno protetti da adeguate garanzie, in particolare dall'uso di clausole standard di protezione dei dati adottate o approvate dalla Commissione europea.<\/p>\n\n<p>L'utente riconosce che i dati personali da lui inviati per la pubblicazione attraverso il nostro sito web o i nostri servizi possono essere disponibili, via Internet, in tutto il mondo. Non possiamo impedire l'uso (o l'abuso) di tali dati personali da parte di altri.<\/p>\n\n<p>\u00a0<\/p>\n\n<p>8. Comunicazioni e sicurezza<\/p>\n\n<p>La comunicazione avviene solitamente via e-mail, telefono, Google Meets, Zoom o di persona. Si noti che l'e-mail non \u00e8 sempre una forma di comunicazione sicura. Si consiglia di non includere informazioni sensibili nelle e-mail.<\/p>\n\n<p>I vostri dati personali sono conservati in modo sicuro in sistemi protetti da password e\/o in archivi chiusi a chiave, accessibili solo a Giorgia Bettili.<br \/><br \/><\/p>\n<p>9. Link di affiliazione<\/p>\n<p>Alcune pagine di questo sito contengono link di affiliazione. Ci\u00f2 significa che se cliccate su un link e fate un acquisto, io potrei guadagnare una commissione senza alcun costo aggiuntivo per voi.<\/p>\n<p data-start=\"1203\" data-end=\"1419\">I partner affiliati possono utilizzare cookie o tecnologie simili per tracciare i referral ai fini delle commissioni. Questi cookie sono gestiti dalle reti di affiliazione o dai commercianti e sono soggetti alla loro politica sulla privacy.<br \/>I partner affiliati possono includere piattaforme come <a href=\"https:\/\/affiliate-program.amazon.co.uk\/\" target=\"_blank\" rel=\"noopener\">Associati Amazon<\/a>.<\/p>\n<p data-start=\"1426\" data-end=\"1529\">Non controllo questi cookie e non ricevo accesso ai vostri dati personali dai partner affiliati.<\/p>\n<p data-start=\"1426\" data-end=\"1529\">\u00a0<\/p>\n\n<p>10. I vostri diritti sui dati<\/p>\n\n<p>Ai sensi del GDPR, l'utente gode di alcuni diritti, tra cui:<\/p>\n\n<p>Diritto di accesso ai dati in nostro possesso<br \/>Avete il diritto di chiederci copie delle vostre informazioni personali. \u00c8 possibile richiedere altre informazioni, come i dettagli sulla provenienza delle informazioni personali e sui soggetti con cui le condividiamo. Esistono alcune esenzioni, il che significa che potreste non ricevere tutte le informazioni richieste. <a href=\"https:\/\/ico.org.uk\/for-organisations\/advice-for-small-organisations\/privacy-notices-and-cookies\/create-your-own-privacy-notice\/your-data-protection-rights\/#roa\" target=\"_blank\" rel=\"noreferrer noopener\">Per saperne di pi\u00f9 sul diritto di accesso<\/a>.<\/p>\n\n<ul class=\"wp-block-list\">\n<li>Il diritto alla rettifica dei dati inesatti o incompleti<br \/>Avete il diritto di chiederci di correggere o cancellare le informazioni personali che ritenete inesatte o incomplete. <a href=\"https:\/\/ico.org.uk\/for-organisations\/advice-for-small-organisations\/privacy-notices-and-cookies\/create-your-own-privacy-notice\/your-data-protection-rights\/#rtr\" target=\"_blank\" rel=\"noreferrer noopener\">Per saperne di pi\u00f9 sul diritto di rettifica<\/a>.<\/li>\n\n<li>Il diritto alla cancellazione (\"diritto all'oblio\"), in determinate circostanze.<br \/>Avete il diritto di chiederci di cancellare le vostre informazioni personali. <a href=\"https:\/\/ico.org.uk\/for-organisations\/advice-for-small-organisations\/privacy-notices-and-cookies\/create-your-own-privacy-notice\/your-data-protection-rights\/#rte\" target=\"_blank\" rel=\"noreferrer noopener\">Per saperne di pi\u00f9 sul diritto alla cancellazione<\/a>.<\/li>\n\n<li>Il diritto di limitare o opporsi al trattamento dei dati<br \/>Avete il diritto di chiederci di limitare l'uso dei vostri dati personali. <a href=\"https:\/\/ico.org.uk\/for-organisations\/advice-for-small-organisations\/privacy-notices-and-cookies\/create-your-own-privacy-notice\/your-data-protection-rights\/#rtrop\" target=\"_blank\" rel=\"noreferrer noopener\">Per saperne di pi\u00f9 sul diritto alla limitazione del trattamento<\/a>.<\/li>\n\n<li>Il diritto alla portabilit\u00e0 dei dati<br \/>Avete il diritto di chiedere che le informazioni personali che ci avete fornito vengano trasferite a un'altra organizzazione o a voi. <a href=\"https:\/\/ico.org.uk\/for-organisations\/advice-for-small-organisations\/privacy-notices-and-cookies\/create-your-own-privacy-notice\/your-data-protection-rights\/#rtdp\" target=\"_blank\" rel=\"noreferrer noopener\">Per saperne di pi\u00f9 sul diritto alla portabilit\u00e0 dei dati<\/a>.<\/li>\n\n<li>Il vostro diritto di ritirare il consenso - Quando utilizziamo il consenso come base legale, avete il diritto di ritirare il vostro consenso in qualsiasi momento. <a href=\"https:\/\/ico.org.uk\/for-organisations\/advice-for-small-organisations\/privacy-notices-and-cookies\/create-your-own-privacy-notice\/your-data-protection-rights\/#rtwc\" target=\"_blank\" rel=\"noreferrer noopener\">Per saperne di pi\u00f9 sul diritto di revoca del consenso<\/a>.<\/li>\n\n<li>Il diritto di presentare un reclamo all'ICO (Regno Unito) o all'autorit\u00e0 di vigilanza dell'UE competente<br \/><br \/><\/li>\n<\/ul>\n\n<p>Per esercitare i vostri diritti o per ulteriori informazioni, contattateci all'indirizzo lucidmindhypnotherapy@gmail.com.<br \/><br \/><\/p>\n\n<p>11. Pagamenti e politica di cancellazione<\/p>\n\n<p>Il pagamento \u00e8 richiesto per intero al momento della prenotazione.<br \/>Se l'appuntamento viene cancellato con meno di 48 ore di anticipo, l'intero costo della sessione verr\u00e0 trattenuto e non verr\u00e0 effettuato alcun rimborso.<br \/>Le cancellazioni effettuate con pi\u00f9 di 48 ore di anticipo possono essere rimborsate completamente o possono essere riprogrammate senza costi aggiuntivi.<br \/>Prenotando una sessione, si accettano i presenti termini e condizioni e la presente informativa sulla privacy.\u00a0<\/p>\n\n<p data-start=\"735\" data-end=\"798\">I termini di cancellazione di cui sopra si applicano solo alle sessioni 1-to-1.<\/p>\n<p data-start=\"800\" data-end=\"830\"><strong data-start=\"800\" data-end=\"830\"><br \/>Politica di cancellazione degli eventi<\/strong><\/p>\n<p data-start=\"832\" data-end=\"922\">Per eventi, workshop, sessioni di gruppo e corsi, si applica la seguente politica di cancellazione:<\/p>\n<p data-start=\"924\" data-end=\"1238\">- Oltre 7 giorni prima dell'evento: Possibilit\u00e0 di rimborso totale.<br data-start=\"978\" data-end=\"981\" \/>- Meno di 7 giorni prima dell'evento: Nessun rimborso. Se voi o io siamo in grado di trasferire il vostro posto a qualcun altro, potreste avere diritto a un rimborso completo o a un credito per un evento futuro (soggetto a disponibilit\u00e0).<br data-start=\"1189\" data-end=\"1192\" \/>- Mancata presentazione: Nessun rimborso o credito disponibile.<\/p>\n<p data-start=\"1240\" data-end=\"1380\">Questa politica aiuta a coprire i costi della sede e della piattaforma online gi\u00e0 impegnati e consente di offrire posti ad altri in lista d'attesa.<\/p>\n<p data-start=\"1382\" data-end=\"1492\">Prenotando una sessione, un evento, un workshop o un corso, si accettano i presenti termini e condizioni e la presente informativa sulla privacy.<br \/><br \/><\/p>\n<p data-start=\"1382\" data-end=\"1492\">12. <strong>Email marketing e newsletter<\/strong><\/p>\n<p>Se avete scelto di ricevere comunicazioni di marketing, il vostro nome e il vostro indirizzo e-mail saranno aggiunti alla nostra mailing list, gestita da MailerLite (UAB \u201cMailerLite\u201d, Paupio g. 28, Vilnius, Lituania).<\/p>\n<p>Utilizziamo MailerLite per inviare occasionalmente e-mail su novit\u00e0, eventi imminenti, corsi e offerte esclusive. MailerLite elabora i vostri dati per nostro conto, in qualit\u00e0 di incaricato del trattamento, ed \u00e8 obbligato per contratto a mantenere le vostre informazioni al sicuro e a non utilizzarle per altri scopi.<\/p>\n<p>La base giuridica di questo trattamento \u00e8 il vostro consenso esplicito (articolo 6, paragrafo 1, lettera a) del GDPR britannico). \u00c8 possibile revocare il consenso e annullare l'iscrizione in qualsiasi momento facendo clic sul link di annullamento dell'iscrizione in qualsiasi e-mail inviata o contattandoci direttamente. La revoca del consenso non pregiudica la liceit\u00e0 del trattamento effettuato prima della revoca.<\/p>\n<p>MailerLite pu\u00f2 trasferire i dati al di fuori del Regno Unito\/SEE. In tal caso, vengono adottate le opportune misure di salvaguardia in conformit\u00e0 ai requisiti del GDPR del Regno Unito. Per ulteriori informazioni sulle modalit\u00e0 di trattamento dei dati da parte di MailerLite, si prega di consultare la sua Informativa sulla privacy all'indirizzo <a href=\"https:\/\/www.mailerlite.com\/legal\/privacy-policy\" target=\"_blank\" rel=\"noopener\">mailerlite.com\/legal\/privacy-policy<\/a>.<\/p>\n<p>Non condivideremo mai il vostro indirizzo e-mail con terze parti per i loro scopi di marketing. Le vostre preferenze di marketing sono conservate separatamente dai dati dei clienti e non influiscono sul servizio di ipnoterapia che ricevete.<br \/><br \/><\/p>\n\n<p>13. <strong>Modifiche alla presente Informativa sulla privacy<\/strong><\/p>\n\n<p>La presente informativa sulla privacy pu\u00f2 essere aggiornata periodicamente. Vi invitiamo a prenderne visione regolarmente. L'uso continuato del servizio indica l'accettazione di qualsiasi aggiornamento della presente informativa sulla privacy.<\/p>\n\n<h2 class=\"wp-block-heading\">\u00a0<\/h2>\n\n<h2 class=\"wp-block-heading\">\u00a0<\/h2>\n\n<h2 class=\"wp-block-heading\">\u00a0<\/h2>\n\n<h2 class=\"wp-block-heading\">\u00a0<\/h2>\n\n<h2 class=\"wp-block-heading\">\u00a0<\/h2>\n\t\t\t\t\t\t\t\t<\/div>\n\t\t\t\t\t<\/div>\n\t\t\t\t<\/div>\n\t\t<div class=\"elementor-element elementor-element-f441d9f e-flex e-con-boxed e-con e-parent\" data-id=\"f441d9f\" data-element_type=\"container\" data-e-type=\"container\">\n\t\t\t\t\t<div class=\"e-con-inner\">\n\t\t<div class=\"elementor-element elementor-element-8a9136a e-con-full e-flex e-con e-child\" data-id=\"8a9136a\" data-element_type=\"container\" data-e-type=\"container\">\n\t\t\t\t<div class=\"elementor-element elementor-element-4382bfa elementor-widget elementor-widget-image\" data-id=\"4382bfa\" data-element_type=\"widget\" data-e-type=\"widget\" data-widget_type=\"image.default\">\n\t\t\t\t\t\t\t\t\t\t\t\t\t\t\t<img fetchpriority=\"high\" decoding=\"async\" width=\"800\" height=\"534\" src=\"https:\/\/lucidmindhypnotherapy.com\/wp-content\/uploads\/2026\/01\/samantha-gades-BlIhVfXbi9s-unsplash-1024x684.jpg\" class=\"attachment-large size-large wp-image-2221\" alt=\"Privacy Policy\" srcset=\"https:\/\/lucidmindhypnotherapy.com\/wp-content\/uploads\/2026\/01\/samantha-gades-BlIhVfXbi9s-unsplash-1024x684.jpg 1024w, https:\/\/lucidmindhypnotherapy.com\/wp-content\/uploads\/2026\/01\/samantha-gades-BlIhVfXbi9s-unsplash-600x401.jpg 600w, https:\/\/lucidmindhypnotherapy.com\/wp-content\/uploads\/2026\/01\/samantha-gades-BlIhVfXbi9s-unsplash-300x200.jpg 300w, https:\/\/lucidmindhypnotherapy.com\/wp-content\/uploads\/2026\/01\/samantha-gades-BlIhVfXbi9s-unsplash-768x513.jpg 768w, https:\/\/lucidmindhypnotherapy.com\/wp-content\/uploads\/2026\/01\/samantha-gades-BlIhVfXbi9s-unsplash-1536x1025.jpg 1536w, https:\/\/lucidmindhypnotherapy.com\/wp-content\/uploads\/2026\/01\/samantha-gades-BlIhVfXbi9s-unsplash-2048x1367.jpg 2048w, https:\/\/lucidmindhypnotherapy.com\/wp-content\/uploads\/2026\/01\/samantha-gades-BlIhVfXbi9s-unsplash-18x12.jpg 18w, https:\/\/lucidmindhypnotherapy.com\/wp-content\/uploads\/2026\/01\/samantha-gades-BlIhVfXbi9s-unsplash-800x534.jpg 800w\" sizes=\"(max-width: 800px) 100vw, 800px\" \/>\t\t\t\t\t\t\t\t\t\t\t\t\t\t\t<\/div>\n\t\t\t\t<div class=\"elementor-element elementor-element-209b1d6 elementor-widget elementor-widget-text-editor\" data-id=\"209b1d6\" data-element_type=\"widget\" data-e-type=\"widget\" data-widget_type=\"text-editor.default\">\n\t\t\t\t\t\t\t\t\t<p style=\"text-align: center;\">Fare clic qui per tornare a <a href=\"https:\/\/lucidmindhypnotherapy.com\/it\/\">Home<\/a><\/p>\t\t\t\t\t\t\t\t<\/div>\n\t\t\t\t<\/div>\n\t\t<div class=\"elementor-element elementor-element-9f7bf5c e-con-full e-flex e-con e-child\" data-id=\"9f7bf5c\" data-element_type=\"container\" data-e-type=\"container\">\n\t\t\t\t<div class=\"elementor-element elementor-element-3aebb51 elementor-widget elementor-widget-image\" data-id=\"3aebb51\" data-element_type=\"widget\" data-e-type=\"widget\" data-widget_type=\"image.default\">\n\t\t\t\t\t\t\t\t\t\t\t\t\t\t\t<img decoding=\"async\" width=\"500\" height=\"500\" src=\"https:\/\/lucidmindhypnotherapy.com\/wp-content\/uploads\/2025\/12\/Logo_transparent-background.png\" class=\"attachment-large size-large wp-image-1892\" alt=\"hypnotherapist UK\" srcset=\"https:\/\/lucidmindhypnotherapy.com\/wp-content\/uploads\/2025\/12\/Logo_transparent-background.png 500w, https:\/\/lucidmindhypnotherapy.com\/wp-content\/uploads\/2025\/12\/Logo_transparent-background-300x300.png 300w, https:\/\/lucidmindhypnotherapy.com\/wp-content\/uploads\/2025\/12\/Logo_transparent-background-100x100.png 100w, https:\/\/lucidmindhypnotherapy.com\/wp-content\/uploads\/2025\/12\/Logo_transparent-background-150x150.png 150w, https:\/\/lucidmindhypnotherapy.com\/wp-content\/uploads\/2025\/12\/Logo_transparent-background-12x12.png 12w\" sizes=\"(max-width: 500px) 100vw, 500px\" \/>\t\t\t\t\t\t\t\t\t\t\t\t\t\t\t<\/div>\n\t\t\t\t<\/div>\n\t\t\t\t\t<\/div>\n\t\t\t\t<\/div>\n\t\t\t\t<\/div>","protected":false},"excerpt":{"rendered":"<p>Lucid Mind Hypnotherapy &#8211; Privacy Policy Effective Date: 21.07.2025Last Updated: 21.07.2025 This Privacy Policy explains how your personal information is collected, used, stored, and protected when you use services provided by Lucid Mind Hypnotherapy. Through this privacy policy you can learn how we are committed to protecting your privacy in accordance with the UK General [&hellip;]<\/p>\n","protected":false},"author":1,"featured_media":0,"parent":0,"menu_order":0,"comment_status":"closed","ping_status":"open","template":"","meta":{"footnotes":""},"class_list":["post-3","page","type-page","status-publish","hentry"],"_links":{"self":[{"href":"https:\/\/lucidmindhypnotherapy.com\/it\/wp-json\/wp\/v2\/pages\/3","targetHints":{"allow":["GET"]}}],"collection":[{"href":"https:\/\/lucidmindhypnotherapy.com\/it\/wp-json\/wp\/v2\/pages"}],"about":[{"href":"https:\/\/lucidmindhypnotherapy.com\/it\/wp-json\/wp\/v2\/types\/page"}],"author":[{"embeddable":true,"href":"https:\/\/lucidmindhypnotherapy.com\/it\/wp-json\/wp\/v2\/users\/1"}],"replies":[{"embeddable":true,"href":"https:\/\/lucidmindhypnotherapy.com\/it\/wp-json\/wp\/v2\/comments?post=3"}],"version-history":[{"count":35,"href":"https:\/\/lucidmindhypnotherapy.com\/it\/wp-json\/wp\/v2\/pages\/3\/revisions"}],"predecessor-version":[{"id":3552,"href":"https:\/\/lucidmindhypnotherapy.com\/it\/wp-json\/wp\/v2\/pages\/3\/revisions\/3552"}],"wp:attachment":[{"href":"https:\/\/lucidmindhypnotherapy.com\/it\/wp-json\/wp\/v2\/media?parent=3"}],"curies":[{"name":"wp","href":"https:\/\/api.w.org\/{rel}","templated":true}]}}